{"id":5492,"date":"2021-11-08T13:13:44","date_gmt":"2021-11-08T13:13:44","guid":{"rendered":"https:\/\/demo.artureanec.com\/themes\/energium\/?page_id=3"},"modified":"2025-01-12T01:24:43","modified_gmt":"2025-01-12T00:24:43","slug":"imprint","status":"publish","type":"page","link":"https:\/\/trips-automatyka.pl\/en\/imprint\/","title":{"rendered":"Imprint"},"content":{"rendered":"<div class=\"wp-block-title\">\n<h2 class=\"wp-block-heading\">Information according to \u00a7 5 DDG (Digital Services Act) :<\/h2><div class=\"wp-block-title-pattern\"><\/div>\n<\/div>\n\n\n<p>TRIPS Automatyka Polska sp. z o.o. sp.k.<br>Ul. Limanowskiego 49<br>47-300 Krapkowice<br>Poland<\/p>\n\n\n<div class=\"wp-block-title\">\n<h2 class=\"wp-block-heading\">Represented by:<\/h2><div class=\"wp-block-title-pattern\"><\/div>\n<\/div>\n\n\n<p>\u0141ukasz Kowalski, Ul. Limanowskiego 49, 47-300 Krapkowice, Poland<\/p>\n\n\n<div class=\"wp-block-title\">\n<h2 class=\"wp-block-heading\">Contact:<\/h2><div class=\"wp-block-title-pattern\"><\/div>\n<\/div>\n\n\n<p>Phone: +48 7561210 0<br>E-mail:\u00a0<a href=\"mailto:info.polska@trips-group.com\" title=\"\">info.polska@trips-group.com<\/a><\/p>\n\n\n<div class=\"wp-block-title\">\n<h2 class=\"wp-block-heading\">Register entry:<\/h2><div class=\"wp-block-title-pattern\"><\/div>\n<\/div>\n\n\n<p> S\u0105dzie Rejonowym w Opolu, Wydzia\u0142 VIII Gospodarczy Krajowego Rejestru S\u0105dowego<br>\u00a0Register number: KRS-0000630048<\/p>\n\n\n<div class=\"wp-block-title\">\n<h2 class=\"wp-block-heading\">Sales tax ID:<\/h2><div class=\"wp-block-title-pattern\"><\/div>\n<\/div>\n\n\n<p>Sales tax identification number according to \u00a727 a sales tax law:<br>NIP: 6121858854<\/p>\n\n\n<div class=\"wp-block-title\">\n<h2 class=\"wp-block-heading\">Data Protection Officer:<\/h2><div class=\"wp-block-title-pattern\"><\/div>\n<\/div>\n\n\n<p>Ms. Melanie Petri<br>E-Mail:&nbsp;<a href=\"mailto:datenschutzbeauftragter@trips-group.com\">datenschutzbeauftragter@trips-group.com<\/a><\/p>\n\n\n<div class=\"wp-block-title\">\n<h2 class=\"wp-block-heading\">Responsible for the content:<\/h2><div class=\"wp-block-title-pattern\"><\/div>\n<\/div>\n\n\n<p>\u0141ukasz Kowalski<\/p>\n\n\n<div class=\"wp-block-title\">\n<h2 class=\"wp-block-heading\">Exclusion of liability (disclaimer)<\/h2><div class=\"wp-block-title-pattern\"><\/div>\n<\/div>\n\n\n<p><strong>Liability for content:&nbsp;<\/strong>As a service provider, we are responsible for our own content on these pages in accordance with general legislation. However, as a service provider, we are not obliged to monitor transmitted or stored third-party information or to investigate circumstances that indicate illegal activity.<\/p>\n\n\n\n<p>Obligations to remove or block the use of information in accordance with general legislation remain unaffected by this. However, liability in this respect is only possible from the time we become aware of a specific infringement. As soon as we become aware of such infringements, we will remove this content immediately.<\/p>\n\n\n\n<p><strong>Liability for links:&nbsp;<\/strong>Our website contains links to external third-party websites over whose content we have no influence. Therefore, we cannot accept any liability for this third-party content. The respective provider or operator of the pages is always responsible for the content of the linked pages. The linked pages were checked for possible legal violations at the time of linking. Illegal contents were not recognizable at the time of linking.<\/p>\n\n\n\n<p>However, permanent monitoring of the content of the linked pages is not reasonable without concrete evidence of an infringement. If we become aware of any legal infringements, we will remove such links immediately.<\/p>\n\n\n\n<p><strong>Copyright:\u00a0<\/strong>The content and works created by the site operators on these pages are subject to Polish copyright law. Duplication, processing, distribution and any form of commercialization of such material beyond the scope of the copyright law shall require the prior written consent of its respective author or creator. Downloads and copies of this site are only permitted for private, non-commercial use.<\/p>\n\n\n\n<p>Insofar as the content on this site was not created by the operator, the copyrights of third parties are respected. In particular, third-party content is identified as such. Should you nevertheless become aware of a copyright infringement, please inform us accordingly. If we become aware of any infringements, we will remove such content immediately.<\/p>\n","protected":false},"excerpt":{"rendered":"<p>Information according to \u00a7 5 DDG (Digital Services Act) : TRIPS Automatyka Polska sp. z o.o. sp.k.Ul. Limanowskiego 4947-300 KrapkowicePoland Represented by: \u0141ukasz Kowalski, Ul. Limanowskiego 49, 47-300 Krapkowice, Poland Contact: Phone: +48 7561210 0E-mail:\u00a0info.polska@trips-group.com Register entry: S\u0105dzie Rejonowym w Opolu,&#8230;<\/p>\n","protected":false},"author":1,"featured_media":0,"parent":0,"menu_order":0,"comment_status":"closed","ping_status":"open","template":"","meta":{"_monsterinsights_skip_tracking":false,"_monsterinsights_sitenote_active":false,"_monsterinsights_sitenote_note":"","_monsterinsights_sitenote_category":0,"footnotes":""},"class_list":["post-5492","page","type-page","status-publish","hentry"],"aioseo_notices":[],"_links":{"self":[{"href":"https:\/\/trips-automatyka.pl\/en\/wp-json\/wp\/v2\/pages\/5492","targetHints":{"allow":["GET"]}}],"collection":[{"href":"https:\/\/trips-automatyka.pl\/en\/wp-json\/wp\/v2\/pages"}],"about":[{"href":"https:\/\/trips-automatyka.pl\/en\/wp-json\/wp\/v2\/types\/page"}],"author":[{"embeddable":true,"href":"https:\/\/trips-automatyka.pl\/en\/wp-json\/wp\/v2\/users\/1"}],"replies":[{"embeddable":true,"href":"https:\/\/trips-automatyka.pl\/en\/wp-json\/wp\/v2\/comments?post=5492"}],"version-history":[{"count":0,"href":"https:\/\/trips-automatyka.pl\/en\/wp-json\/wp\/v2\/pages\/5492\/revisions"}],"wp:attachment":[{"href":"https:\/\/trips-automatyka.pl\/en\/wp-json\/wp\/v2\/media?parent=5492"}],"curies":[{"name":"wp","href":"https:\/\/api.w.org\/{rel}","templated":true}]}}