{"id":8254,"date":"2021-11-08T14:32:25","date_gmt":"2021-11-08T13:32:25","guid":{"rendered":"https:\/\/trips-automatyka.pl\/newsroom-trips-automatyka-polska\/"},"modified":"2025-06-04T08:17:14","modified_gmt":"2025-06-04T06:17:14","slug":"newsroom","status":"publish","type":"page","link":"https:\/\/trips-automatyka.pl\/de\/newsroom\/","title":{"rendered":"Newsroom TRIPS Automatyka Polska"},"content":{"rendered":"\t\t<div data-elementor-type=\"wp-page\" data-elementor-id=\"8254\" class=\"elementor elementor-8254 elementor-43\" data-elementor-post-type=\"page\">\n\t\t\t\t\t\t<section class=\"elementor-section elementor-top-section elementor-element elementor-element-7401dc2 elementor-section-boxed elementor-section-height-default elementor-section-height-default\" data-id=\"7401dc2\" data-element_type=\"section\" data-e-type=\"section\">\n\t\t\t\t\t\t<div class=\"elementor-container elementor-column-gap-default\">\n\t\t\t\t\t<div class=\"elementor-column elementor-col-100 elementor-top-column elementor-element elementor-element-7f206fb\" data-id=\"7f206fb\" data-element_type=\"column\" data-e-type=\"column\">\n\t\t\t<div class=\"elementor-widget-wrap elementor-element-populated\">\n\t\t\t\t\t\t<div class=\"elementor-element elementor-element-cdb3dd8 elementor-widget elementor-widget-energium_blog_listing\" data-id=\"cdb3dd8\" data-element_type=\"widget\" data-e-type=\"widget\" data-widget_type=\"energium_blog_listing.default\">\n\t\t\t\t<div class=\"elementor-widget-container\">\n\t\t\t\t\t\n        <div class=\"archive-listing\" data-ajax='{&quot;post_type&quot;:&quot;post&quot;,&quot;post_status&quot;:&quot;publish&quot;,&quot;posts_per_page&quot;:4,&quot;orderby&quot;:&quot;date&quot;,&quot;order&quot;:&quot;desc&quot;,&quot;paged&quot;:1,&quot;category_name&quot;:&quot;&quot;,&quot;tag&quot;:&quot;&quot;,&quot;post__in&quot;:&quot;&quot;,&quot;ignore_sticky_posts&quot;:false,&quot;link_base&quot;:&quot;https:\\\/\\\/trips-automatyka.pl\\\/de\\\/wp-json\\\/wp\\\/v2\\\/pages\\\/8254\\\/&quot;}' data-widget='{&quot;excerpt_length&quot;:281,&quot;show_cat&quot;:&quot;yes&quot;,&quot;show_media&quot;:&quot;yes&quot;,&quot;show_author&quot;:&quot;yes&quot;,&quot;show_date&quot;:&quot;yes&quot;,&quot;show_title&quot;:&quot;yes&quot;,&quot;show_tags&quot;:&quot;no&quot;,&quot;show_excerpt&quot;:&quot;yes&quot;,&quot;show_read_more&quot;:&quot;yes&quot;,&quot;read_more_text&quot;:&quot;Read more&quot;,&quot;item_class&quot;:&quot;post standard-blog-item-wrapper&quot;,&quot;columns_number&quot;:1}'>\n            <div class=\"archive-listing-wrapper\">\n                \r\n<div class=\"standard-blog-item-wrapper post post-8642 type-post status-publish format-standard has-post-thumbnail hentry category-trips-polska-de\">\r\n    <div class=\"blog-item item-with-date\">\r\n        <div class=\"post-media-wrapper\"><a href=\"https:\/\/trips-automatyka.pl\/de\/komax-praezision-fuer-ihre-kabelanforderungen\/\"><picture><source media=\"(max-width: 575px)\" sizes=\"(max-width: 535px) 535px\" srcset=\"https:\/\/trips-automatyka.pl\/wp-content\/uploads\/2025\/05\/colorful-plastic-polymer-granules-cable-535x400.jpg 535w\"><source media=\"(max-width: 991px)\" sizes=\"(max-width: 951px) 951px\" srcset=\"https:\/\/trips-automatyka.pl\/wp-content\/uploads\/2025\/05\/colorful-plastic-polymer-granules-cable-951x438.jpg 951w\"><img decoding=\"async\" alt=\"KOmax Technology I TRIPS Automatyka Polska\" title=\"Colorful Plastic Polymer Granules for cable\" src=\"https:\/\/trips-automatyka.pl\/wp-content\/uploads\/2025\/05\/colorful-plastic-polymer-granules-cable-1170x620.jpg\" class=\"attachment-post-thumbnail size-post-thumbnail wp-post-image\" \/><\/picture><\/a><\/div><div class=\"post-labels\"><div class=\"post-categories\"><a class=\"post-category-item\" href=\"https:\/\/trips-automatyka.pl\/de\/category\/trips-polska-de\/\">TRIPS Polska<\/a><\/div><\/div><div class=\"post-meta-header\"><div class=\"post-meta-item post-meta-item-date\"><a href=\"https:\/\/trips-automatyka.pl\/de\/2025\/05\/30\/\">30. Mai 2025<\/a><\/div><div class=\"post-meta-item post-meta-item-author\"><a href=\"https:\/\/trips-automatyka.pl\/de\/author\/admin\/\">admin<\/a><\/div><\/div><h3 class=\"post-title\"><a href=\"https:\/\/trips-automatyka.pl\/de\/komax-praezision-fuer-ihre-kabelanforderungen\/\">KOmax: Pr\u00e4zision f\u00fcr Ihre Kabelanforderungen<\/a><\/h3><div class=\"post-content\">KOmax-Technologie bei TRIPS Automatyka Polska: Pr\u00e4zision in der Kabelbaumfertigung Im Zeitalter der industriellen Automatisierung sind Pr\u00e4zision, Effizienz und Zuverl\u00e4ssigkeit wichtige Anforderungen an die elektrische Verkabelung. Um genau diesen Anspr\u00fcchen gerecht zu werden, <\/div><div class=\"post-more-button\"><a href=\"https:\/\/trips-automatyka.pl\/de\/komax-praezision-fuer-ihre-kabelanforderungen\/\"><span>Read more<\/span><svg viewBox=\"0 0 13 20\"><polyline points=\"0.5 19.5 3 19.5 12.5 10 3 0.5\" \/><\/svg><\/a><\/div>    <\/div>\r\n<\/div>            <\/div>\n\n            <div class=\"content-pagination\"><nav class=\"pagination\"><div class=\"nav-links\"><\/div><\/nav><\/div>        <\/div>\n        \t\t\t\t<\/div>\n\t\t\t\t<\/div>\n\t\t\t\t\t<\/div>\n\t\t<\/div>\n\t\t\t\t\t<\/div>\n\t\t<\/section>\n\t\t\t\t<\/div>\n\t\t","protected":false},"excerpt":{"rendered":"","protected":false},"author":1,"featured_media":0,"parent":0,"menu_order":0,"comment_status":"closed","ping_status":"closed","template":"","meta":{"_monsterinsights_skip_tracking":false,"_monsterinsights_sitenote_active":false,"_monsterinsights_sitenote_note":"","_monsterinsights_sitenote_category":0,"footnotes":""},"class_list":["post-8254","page","type-page","status-publish","hentry"],"aioseo_notices":[],"_links":{"self":[{"href":"https:\/\/trips-automatyka.pl\/de\/wp-json\/wp\/v2\/pages\/8254","targetHints":{"allow":["GET"]}}],"collection":[{"href":"https:\/\/trips-automatyka.pl\/de\/wp-json\/wp\/v2\/pages"}],"about":[{"href":"https:\/\/trips-automatyka.pl\/de\/wp-json\/wp\/v2\/types\/page"}],"author":[{"embeddable":true,"href":"https:\/\/trips-automatyka.pl\/de\/wp-json\/wp\/v2\/users\/1"}],"replies":[{"embeddable":true,"href":"https:\/\/trips-automatyka.pl\/de\/wp-json\/wp\/v2\/comments?post=8254"}],"version-history":[{"count":4,"href":"https:\/\/trips-automatyka.pl\/de\/wp-json\/wp\/v2\/pages\/8254\/revisions"}],"predecessor-version":[{"id":8667,"href":"https:\/\/trips-automatyka.pl\/de\/wp-json\/wp\/v2\/pages\/8254\/revisions\/8667"}],"wp:attachment":[{"href":"https:\/\/trips-automatyka.pl\/de\/wp-json\/wp\/v2\/media?parent=8254"}],"curies":[{"name":"wp","href":"https:\/\/api.w.org\/{rel}","templated":true}]}}