{"id":8237,"date":"2025-01-12T15:17:11","date_gmt":"2025-01-12T14:17:11","guid":{"rendered":"https:\/\/trips-automatyka.pl\/industrial-it-solutions\/"},"modified":"2025-05-07T13:27:40","modified_gmt":"2025-05-07T11:27:40","slug":"industrial-it-solutions","status":"publish","type":"page","link":"https:\/\/trips-automatyka.pl\/de\/industrial-it-solutions\/","title":{"rendered":"Industrial IT Solutions"},"content":{"rendered":"\t\t<div data-elementor-type=\"wp-page\" data-elementor-id=\"8237\" class=\"elementor elementor-8237 elementor-6663\" data-elementor-post-type=\"page\">\n\t\t\t\t<div class=\"elementor-element elementor-element-3d3d57a e-flex e-con-boxed e-con e-parent\" data-id=\"3d3d57a\" data-element_type=\"container\" data-e-type=\"container\">\n\t\t\t\t\t<div class=\"e-con-inner\">\n\t\t<div class=\"elementor-element elementor-element-5c60fda e-con-full e-flex e-con e-child\" data-id=\"5c60fda\" data-element_type=\"container\" data-e-type=\"container\">\n\t\t\t\t<div class=\"elementor-element elementor-element-c309715 elementor-widget elementor-widget-heading\" data-id=\"c309715\" data-element_type=\"widget\" data-e-type=\"widget\" data-widget_type=\"heading.default\">\n\t\t\t\t\t<h2 class=\"elementor-heading-title elementor-size-default\">Industrial IT Solutions f\u00fcr die Zukunft der Automatisierung\n<\/h2>\t\t\t\t<\/div>\n\t\t\t\t<div class=\"elementor-element elementor-element-130b960 elementor-widget elementor-widget-text-editor\" data-id=\"130b960\" data-element_type=\"widget\" data-e-type=\"widget\" data-widget_type=\"text-editor.default\">\n\t\t\t\t\t\t\t\t\t<p>Die TRIPS group, die Muttergesellschaft von TRIPS Automatyka Polska, unterst\u00fctzt potenzielle Kunden und internationale Unternehmen bei der Vorbereitung auf die Zukunft der Automatisierung und IT. Mit Spitzentechnologien und ma\u00dfgeschneiderten L\u00f6sungen helfen wir Unternehmen, die Effizienz zu steigern, Prozesse zu optimieren und die digitale Transformation zu erreichen. <\/p><h4><strong>Unsere wichtigsten L\u00f6sungen:<\/strong><\/h4><ul><li><strong>COMOS als Dienstleistung:<\/strong> Eine Cloud-basierte Plattform, die eine zentralisierte, aktuelle Datenbank f\u00fcr eine optimierte Zusammenarbeit, weniger Fehler und eine schnellere Projektausf\u00fchrung bietet.<\/li><li><strong>PCS 7 Virtualisierung:<\/strong> Flexible Prozesssteuerung mit virtuellen Umgebungen, die die Hardwarekosten senken, die Skalierbarkeit verbessern und die betriebliche Effizienz steigern.<\/li><li><strong>Digitaler Zwilling Technologie:<\/strong> Simulationen zur Fehlerfr\u00fcherkennung, Prozessoptimierung, Verk\u00fcrzung der Inbetriebnahmezeiten und kosteneffiziente Mitarbeiterschulung in virtuellen Umgebungen.<\/li><li><strong>Power BI und KI:<\/strong> Intelligente Datennutzung mit interaktiven Dashboards und maschinellem Lernen, die Trenderkennung, Risikomanagement und automatisierte Prozesse erm\u00f6glichen.<\/li><\/ul>\t\t\t\t\t\t\t\t<\/div>\n\t\t\t\t<div class=\"elementor-element elementor-element-24326f6 elementor-widget elementor-widget-image\" data-id=\"24326f6\" data-element_type=\"widget\" data-e-type=\"widget\" data-widget_type=\"image.default\">\n\t\t\t\t\t\t\t\t\t\t\t\t\t\t\t<img fetchpriority=\"high\" decoding=\"async\" width=\"1024\" height=\"476\" src=\"https:\/\/trips-automatyka.pl\/wp-content\/uploads\/2025\/01\/shutterstock_2248569293_cropped-1024x476.webp\" class=\"attachment-large size-large wp-image-8239\" alt=\"\" srcset=\"https:\/\/trips-automatyka.pl\/wp-content\/uploads\/2025\/01\/shutterstock_2248569293_cropped-1024x476.webp 1024w, https:\/\/trips-automatyka.pl\/wp-content\/uploads\/2025\/01\/shutterstock_2248569293_cropped-300x139.webp 300w, https:\/\/trips-automatyka.pl\/wp-content\/uploads\/2025\/01\/shutterstock_2248569293_cropped-768x357.jpg 768w, https:\/\/trips-automatyka.pl\/wp-content\/uploads\/2025\/01\/shutterstock_2248569293_cropped-1536x714.jpg 1536w, https:\/\/trips-automatyka.pl\/wp-content\/uploads\/2025\/01\/shutterstock_2248569293_cropped-2048x952.jpg 2048w, https:\/\/trips-automatyka.pl\/wp-content\/uploads\/2025\/01\/shutterstock_2248569293_cropped-scaled.webp 1920w\" sizes=\"(max-width: 1024px) 100vw, 1024px\" \/>\t\t\t\t\t\t\t\t\t\t\t\t\t\t\t<\/div>\n\t\t\t\t<div class=\"elementor-element elementor-element-983878e elementor-widget elementor-widget-text-editor\" data-id=\"983878e\" data-element_type=\"widget\" data-e-type=\"widget\" data-widget_type=\"text-editor.default\">\n\t\t\t\t\t\t\t\t\t<p>Mit der TRIPS group gewinnen Sie einen zuverl\u00e4ssigen Partner f\u00fcr innovative Industrial IT Solutions, der sicherstellt, dass Ihr Unternehmen f\u00fcr die Herausforderungen von morgen ger\u00fcstet ist. Weitere Informationen \u00fcber unsere fortschrittlichen L\u00f6sungen und unser globales Know-how finden Sie auf der Website der TRIPS group.<\/p>\t\t\t\t\t\t\t\t<\/div>\n\t\t\t\t<div class=\"elementor-element elementor-element-057d5e8 elementor-widget elementor-widget-energium_button\" data-id=\"057d5e8\" data-element_type=\"widget\" data-e-type=\"widget\" data-widget_type=\"energium_button.default\">\n\t\t\t\t<div class=\"elementor-widget-container\">\n\t\t\t\t\t\n        <div class=\"button-widget\">\n            <div class=\"button-container\">\n                <a class=\"energium-button\" href=\"https:\/\/www.trips-group.com\/de\/industrial-it-solutions\/\" target=\"_blank\">mehr \u00fcber Industrial IT Solutions erfahren<\/a>\n            <\/div>\n        <\/div>\n        \t\t\t\t<\/div>\n\t\t\t\t<\/div>\n\t\t\t\t<\/div>\n\t\t<div class=\"elementor-element elementor-element-b6ea8c0 e-con-full e-flex e-con e-child\" data-id=\"b6ea8c0\" data-element_type=\"container\" data-e-type=\"container\">\n\t\t\t\t<div class=\"elementor-element elementor-element-bb857a4 elementor-widget elementor-widget-energium_team_member\" data-id=\"bb857a4\" data-element_type=\"widget\" data-e-type=\"widget\" data-widget_type=\"energium_team_member.default\">\n\t\t\t\t<div class=\"elementor-widget-container\">\n\t\t\t\t\t\n            <div class=\"energium-team-member-widget\">\n                <div class=\"team-member-item\">\n\n                    <div class=\"team-member-item-media\">\n                        <img decoding=\"async\" src=\"https:\/\/trips-automatyka.pl\/wp-content\/uploads\/2025\/03\/IMG_20250228_132157-572x661.jpg\" alt=\"Kordian \u015awiecznik I TRIPS Automatyka Polska\" \/>\n                        <div class=\"team-member-item-socials\"><span class=\"socials-trigger\"><\/span><ul class=\"wrapper-socials team-member-socials\"><li><a class=\"fab fa-telegram-plane\" href=\"mailto:kordian.\u015awiecznik@trips-group.com\" target=\"_blank\"><\/a><\/li><\/ul><\/div>                    <\/div>\n\n                    <div class=\"team-member-item-content\"><div class=\"team-member-item-name\">Your contact<\/div><div class=\"team-member-item-position\">Kordian \u015awiecznik<\/div><\/div>                <\/div>\n            <\/div>\n\n        \t\t\t\t<\/div>\n\t\t\t\t<\/div>\n\t\t\t\t<div class=\"elementor-element elementor-element-2c2dcc5 elementor-widget elementor-widget-spacer\" data-id=\"2c2dcc5\" data-element_type=\"widget\" data-e-type=\"widget\" data-widget_type=\"spacer.default\">\n\t\t\t\t\t\t\t<div class=\"elementor-spacer\">\n\t\t\t<div class=\"elementor-spacer-inner\"><\/div>\n\t\t<\/div>\n\t\t\t\t\t\t<\/div>\n\t\t\t\t<div class=\"elementor-element elementor-element-8990043 elementor-grid-1 elementor-grid-tablet-2 elementor-grid-mobile-1 elementor-posts--thumbnail-top elementor-widget elementor-widget-posts\" data-id=\"8990043\" data-element_type=\"widget\" data-e-type=\"widget\" data-settings=\"{&quot;classic_columns&quot;:&quot;1&quot;,&quot;classic_columns_tablet&quot;:&quot;2&quot;,&quot;classic_columns_mobile&quot;:&quot;1&quot;,&quot;classic_row_gap&quot;:{&quot;unit&quot;:&quot;px&quot;,&quot;size&quot;:35,&quot;sizes&quot;:[]},&quot;classic_row_gap_widescreen&quot;:{&quot;unit&quot;:&quot;px&quot;,&quot;size&quot;:&quot;&quot;,&quot;sizes&quot;:[]},&quot;classic_row_gap_laptop&quot;:{&quot;unit&quot;:&quot;px&quot;,&quot;size&quot;:&quot;&quot;,&quot;sizes&quot;:[]},&quot;classic_row_gap_tablet_extra&quot;:{&quot;unit&quot;:&quot;px&quot;,&quot;size&quot;:&quot;&quot;,&quot;sizes&quot;:[]},&quot;classic_row_gap_tablet&quot;:{&quot;unit&quot;:&quot;px&quot;,&quot;size&quot;:&quot;&quot;,&quot;sizes&quot;:[]},&quot;classic_row_gap_mobile_extra&quot;:{&quot;unit&quot;:&quot;px&quot;,&quot;size&quot;:&quot;&quot;,&quot;sizes&quot;:[]},&quot;classic_row_gap_mobile&quot;:{&quot;unit&quot;:&quot;px&quot;,&quot;size&quot;:&quot;&quot;,&quot;sizes&quot;:[]}}\" data-widget_type=\"posts.classic\">\n\t\t\t\t<div class=\"elementor-widget-container\">\n\t\t\t\t\t\t\t<div class=\"elementor-posts-container elementor-posts elementor-posts--skin-classic elementor-grid\" role=\"list\">\n\t\t\t\t<article class=\"elementor-post elementor-grid-item post-8642 post type-post status-publish format-standard has-post-thumbnail hentry category-trips-polska-de\" role=\"listitem\">\n\t\t\t\t<a class=\"elementor-post__thumbnail__link\" href=\"https:\/\/trips-automatyka.pl\/de\/komax-praezision-fuer-ihre-kabelanforderungen\/\" tabindex=\"-1\" >\n\t\t\t<div class=\"elementor-post__thumbnail\"><img decoding=\"async\" width=\"768\" height=\"512\" src=\"https:\/\/trips-automatyka.pl\/wp-content\/uploads\/2025\/05\/colorful-plastic-polymer-granules-cable-768x512.jpg\" class=\"attachment-medium_large size-medium_large wp-image-8613\" alt=\"KOmax Technology I TRIPS Automatyka Polska\" srcset=\"https:\/\/trips-automatyka.pl\/wp-content\/uploads\/2025\/05\/colorful-plastic-polymer-granules-cable-768x512.jpg 768w, https:\/\/trips-automatyka.pl\/wp-content\/uploads\/2025\/05\/colorful-plastic-polymer-granules-cable-300x200.jpg 300w, https:\/\/trips-automatyka.pl\/wp-content\/uploads\/2025\/05\/colorful-plastic-polymer-granules-cable-1024x683.jpg 1024w, https:\/\/trips-automatyka.pl\/wp-content\/uploads\/2025\/05\/colorful-plastic-polymer-granules-cable-1536x1024.jpg 1536w, https:\/\/trips-automatyka.pl\/wp-content\/uploads\/2025\/05\/colorful-plastic-polymer-granules-cable-2048x1365.jpg 2048w\" sizes=\"(max-width: 768px) 100vw, 768px\" \/><\/div>\n\t\t<\/a>\n\t\t\t\t<div class=\"elementor-post__text\">\n\t\t\t\t<h3 class=\"elementor-post__title\">\n\t\t\t<a href=\"https:\/\/trips-automatyka.pl\/de\/komax-praezision-fuer-ihre-kabelanforderungen\/\" >\n\t\t\t\tKOmax: Pr\u00e4zision f\u00fcr Ihre Kabelanforderungen\t\t\t<\/a>\n\t\t<\/h3>\n\t\t\t\t<div class=\"elementor-post__meta-data\">\n\t\t\t\t\t<span class=\"elementor-post-date\">\n\t\t\t30. Mai 2025\t\t<\/span>\n\t\t\t\t<\/div>\n\t\t\n\t\t<a class=\"elementor-post__read-more\" href=\"https:\/\/trips-automatyka.pl\/de\/komax-praezision-fuer-ihre-kabelanforderungen\/\" aria-label=\"Mehr \u00fcber KOmax: Pr\u00e4zision f\u00fcr Ihre Kabelanforderungen\" tabindex=\"-1\" >\n\t\t\tmehr lesen \"\t\t<\/a>\n\n\t\t\t\t<\/div>\n\t\t\t\t<\/article>\n\t\t\t\t<\/div>\n\t\t\n\t\t\t\t\t\t<\/div>\n\t\t\t\t<\/div>\n\t\t\t\t<\/div>\n\t\t\t\t\t<\/div>\n\t\t\t\t<\/div>\n\t\t\t\t<section class=\"elementor-section elementor-top-section elementor-element elementor-element-68948e1 elementor-section-boxed elementor-section-height-default elementor-section-height-default\" data-id=\"68948e1\" data-element_type=\"section\" data-e-type=\"section\">\n\t\t\t\t\t\t<div class=\"elementor-container elementor-column-gap-default\">\n\t\t\t\t\t<div class=\"elementor-column elementor-col-100 elementor-top-column elementor-element elementor-element-fba0d11\" data-id=\"fba0d11\" data-element_type=\"column\" data-e-type=\"column\">\n\t\t\t<div class=\"elementor-widget-wrap elementor-element-populated\">\n\t\t\t\t\t\t<div class=\"elementor-element elementor-element-3d1593b elementor-hidden-laptop elementor-hidden-tablet_extra elementor-hidden-tablet elementor-hidden-mobile_extra elementor-hidden-mobile elementor-widget elementor-widget-energium_vertical_text\" data-id=\"3d1593b\" data-element_type=\"widget\" data-e-type=\"widget\" data-widget_type=\"energium_vertical_text.default\">\n\t\t\t\t<div class=\"elementor-widget-container\">\n\t\t\t\t\t<div class=\"vertical-text\">FAQ INDUSTRIAL IT SOLUTIONS<\/div>\t\t\t\t<\/div>\n\t\t\t\t<\/div>\n\t\t\t\t<div class=\"elementor-element elementor-element-d9c3b83 elementor-widget elementor-widget-energium_heading\" data-id=\"d9c3b83\" data-element_type=\"widget\" data-e-type=\"widget\" data-widget_type=\"energium_heading.default\">\n\t\t\t\t<div class=\"elementor-widget-container\">\n\t\t\t\t\t<div class=\"energium-heading-widget\"><h2 class=\"energium-heading\"><span class=\"energium-heading-icon\"><i class=\"far fa-window-minimize\"><\/i><\/span><span class=\"energium-heading-content\">Frequently Asked<br \/>Questions<\/span><\/h2><\/div>\t\t\t\t<\/div>\n\t\t\t\t<\/div>\n\t\t\t\t<section class=\"elementor-section elementor-inner-section elementor-element elementor-element-ba0664b elementor-section-boxed elementor-section-height-default elementor-section-height-default\" data-id=\"ba0664b\" data-element_type=\"section\" data-e-type=\"section\">\n\t\t\t\t\t\t<div class=\"elementor-container elementor-column-gap-default\">\n\t\t\t\t\t<div class=\"elementor-column elementor-col-33 elementor-inner-column elementor-element elementor-element-3fef56b\" data-id=\"3fef56b\" data-element_type=\"column\" data-e-type=\"column\">\n\t\t\t<div class=\"elementor-widget-wrap elementor-element-populated\">\n\t\t\t\t\t\t<div class=\"elementor-element elementor-element-0b6a631 elementor-widget__width-initial elementor-widget-mobile__width-initial elementor-widget elementor-widget-energium_file\" data-id=\"0b6a631\" data-element_type=\"widget\" data-e-type=\"widget\" data-widget_type=\"energium_file.default\">\n\t\t\t\t<div class=\"elementor-widget-container\">\n\t\t\t\t\t<a class=\"energium-file-widget\" href=\"\/\" target=\"_blank\" rel=\"nofollow\"><span class=\"file-item file-item-standard\"><span class=\"file-item-icon\"><i class=\"fontello icon-paper\"><\/i><\/span><span class=\"file-item-content\"><span class=\"file-item-description\">Whitepaper zu Industrial IT Solutions in K\u00fcrze verf\u00fcgbar...<\/span><\/span><\/span><\/a>\t\t\t\t<\/div>\n\t\t\t\t<\/div>\n\t\t\t\t<div class=\"elementor-element elementor-element-5e72f2d elementor-widget__width-initial elementor-widget-mobile__width-initial elementor-widget elementor-widget-energium_file\" data-id=\"5e72f2d\" data-element_type=\"widget\" data-e-type=\"widget\" data-widget_type=\"energium_file.default\">\n\t\t\t\t<div class=\"elementor-widget-container\">\n\t\t\t\t\t<a class=\"energium-file-widget\" href=\"mailto:info.polska@trips-group.com\" target=\"_blank\" rel=\"nofollow\"><span class=\"file-item file-item-standard\"><span class=\"file-item-icon\"><i class=\"fontello icon-chat\"><\/i><\/span><span class=\"file-item-content\"><span class=\"file-item-description\">Sie m\u00f6chten ein Projekt realisieren oder haben eine Frage?<\/span><\/span><\/span><\/a>\t\t\t\t<\/div>\n\t\t\t\t<\/div>\n\t\t\t\t\t<\/div>\n\t\t<\/div>\n\t\t\t\t<div class=\"elementor-column elementor-col-66 elementor-inner-column elementor-element elementor-element-dd63bf1\" data-id=\"dd63bf1\" data-element_type=\"column\" data-e-type=\"column\">\n\t\t\t<div class=\"elementor-widget-wrap elementor-element-populated\">\n\t\t\t\t\t\t<div class=\"elementor-element elementor-element-ae067c5 elementor-widget elementor-widget-toggle\" data-id=\"ae067c5\" data-element_type=\"widget\" data-e-type=\"widget\" data-widget_type=\"toggle.default\">\n\t\t\t\t\t\t\t<div class=\"elementor-toggle\">\n\t\t\t\t\t\t\t<div class=\"elementor-toggle-item\">\n\t\t\t\t\t<div id=\"elementor-tab-title-1821\" class=\"elementor-tab-title\" data-tab=\"1\" role=\"button\" aria-controls=\"elementor-tab-content-1821\" aria-expanded=\"false\">\n\t\t\t\t\t\t\t\t\t\t\t\t<span class=\"elementor-toggle-icon elementor-toggle-icon-right\" aria-hidden=\"true\">\n\t\t\t\t\t\t\t\t\t\t\t\t\t\t\t<span class=\"elementor-toggle-icon-closed\"><i class=\"fontello icon-plus\"><\/i><\/span>\n\t\t\t\t\t\t\t\t<span class=\"elementor-toggle-icon-opened\"><i class=\"elementor-toggle-icon-opened fontello icon-plus\"><\/i><\/span>\n\t\t\t\t\t\t\t\t\t\t\t\t\t<\/span>\n\t\t\t\t\t\t\t\t\t\t\t\t<a class=\"elementor-toggle-title\" tabindex=\"0\">Welche Industrial IT Solutions bietet die TRIPS Automatyka Polska mit der TRIPS group an?<\/a>\n\t\t\t\t\t<\/div>\n\n\t\t\t\t\t<div id=\"elementor-tab-content-1821\" class=\"elementor-tab-content elementor-clearfix\" data-tab=\"1\" role=\"region\" aria-labelledby=\"elementor-tab-title-1821\"><p>TRIPS Automatyka Polska bietet in Partnerschaft mit der TRIPS-Gruppe fortschrittliche L\u00f6sungen wie COMOS as a Service f\u00fcr ein zentralisiertes Datenmanagement, PCS 7 Virtualisierung f\u00fcr eine effiziente Prozesssteuerung, Digital Twin Technologie f\u00fcr Simulationen und Schulungen und Power BI mit KI f\u00fcr intelligente Datenanalyse und Entscheidungsfindung.<\/p>\n<\/div>\n\t\t\t\t<\/div>\n\t\t\t\t\t\t\t<div class=\"elementor-toggle-item\">\n\t\t\t\t\t<div id=\"elementor-tab-title-1822\" class=\"elementor-tab-title\" data-tab=\"2\" role=\"button\" aria-controls=\"elementor-tab-content-1822\" aria-expanded=\"false\">\n\t\t\t\t\t\t\t\t\t\t\t\t<span class=\"elementor-toggle-icon elementor-toggle-icon-right\" aria-hidden=\"true\">\n\t\t\t\t\t\t\t\t\t\t\t\t\t\t\t<span class=\"elementor-toggle-icon-closed\"><i class=\"fontello icon-plus\"><\/i><\/span>\n\t\t\t\t\t\t\t\t<span class=\"elementor-toggle-icon-opened\"><i class=\"elementor-toggle-icon-opened fontello icon-plus\"><\/i><\/span>\n\t\t\t\t\t\t\t\t\t\t\t\t\t<\/span>\n\t\t\t\t\t\t\t\t\t\t\t\t<a class=\"elementor-toggle-title\" tabindex=\"0\">Wie kann TRIPS Automatyka Polska Unternehmen dabei helfen, sich auf die Zukunft der Automatisierung und IT vorzubereiten?<\/a>\n\t\t\t\t\t<\/div>\n\n\t\t\t\t\t<div id=\"elementor-tab-content-1822\" class=\"elementor-tab-content elementor-clearfix\" data-tab=\"2\" role=\"region\" aria-labelledby=\"elementor-tab-title-1822\"><p>Durch die Nutzung des Fachwissens der TRIPS-Gruppe bieten wir ma\u00dfgeschneiderte industrielle IT-L\u00f6sungen zur Prozessoptimierung, Kostensenkung und Effizienzsteigerung. Unsere Technologien unterst\u00fctzen die digitale Transformation und machen Unternehmen bereit f\u00fcr Industrie 4.0 und die sich entwickelnden Anforderungen des globalen Marktes. <\/p>\n<\/div>\n\t\t\t\t<\/div>\n\t\t\t\t\t\t\t\t<\/div>\n\t\t\t\t\t\t<\/div>\n\t\t\t\t\t<\/div>\n\t\t<\/div>\n\t\t\t\t\t<\/div>\n\t\t<\/section>\n\t\t\t\t\t<\/div>\n\t\t<\/div>\n\t\t\t\t\t<\/div>\n\t\t<\/section>\n\t\t\t\t<section class=\"elementor-section elementor-top-section elementor-element elementor-element-ce9355c elementor-section-stretched elementor-section-boxed elementor-section-height-default elementor-section-height-default\" data-id=\"ce9355c\" data-element_type=\"section\" data-e-type=\"section\" data-settings=\"{&quot;stretch_section&quot;:&quot;section-stretched&quot;}\">\n\t\t\t\t\t\t<div class=\"elementor-container elementor-column-gap-no\">\n\t\t\t\t\t<div class=\"elementor-column elementor-col-100 elementor-top-column elementor-element elementor-element-75c7e77\" data-id=\"75c7e77\" data-element_type=\"column\" data-e-type=\"column\">\n\t\t\t<div class=\"elementor-widget-wrap elementor-element-populated\">\n\t\t\t\t\t\t<section class=\"elementor-section elementor-inner-section elementor-element elementor-element-9370daa elementor-section-height-min-height elementor-section-content-middle elementor-section-boxed elementor-section-height-default\" data-id=\"9370daa\" data-element_type=\"section\" data-e-type=\"section\" data-settings=\"{&quot;background_background&quot;:&quot;classic&quot;}\">\n\t\t\t\t\t\t\t<div class=\"elementor-background-overlay\"><\/div>\n\t\t\t\t\t\t\t<div class=\"elementor-container elementor-column-gap-extended\">\n\t\t\t\t\t<div class=\"elementor-column elementor-col-50 elementor-inner-column elementor-element elementor-element-6401958\" data-id=\"6401958\" data-element_type=\"column\" data-e-type=\"column\">\n\t\t\t<div class=\"elementor-widget-wrap elementor-element-populated\">\n\t\t\t\t\t\t<div class=\"elementor-element elementor-element-d679b9a elementor-widget elementor-widget-energium_heading\" data-id=\"d679b9a\" data-element_type=\"widget\" data-e-type=\"widget\" data-widget_type=\"energium_heading.default\">\n\t\t\t\t<div class=\"elementor-widget-container\">\n\t\t\t\t\t<div class=\"energium-heading-widget\"><h2 class=\"energium-heading\"><span class=\"energium-heading-content\">M\u00f6chten Sie ein Projekt mit uns realisieren?<\/span><\/h2><\/div>\t\t\t\t<\/div>\n\t\t\t\t<\/div>\n\t\t\t\t<div class=\"elementor-element elementor-element-e8a729b elementor-widget elementor-widget-text-editor\" data-id=\"e8a729b\" data-element_type=\"widget\" data-e-type=\"widget\" data-widget_type=\"text-editor.default\">\n\t\t\t\t\t\t\t\t\t<p>Dann nehmen Sie Kontakt auf und profitieren Sie von unserem Fachwissen!<\/p>\t\t\t\t\t\t\t\t<\/div>\n\t\t\t\t\t<\/div>\n\t\t<\/div>\n\t\t\t\t<div class=\"elementor-column elementor-col-50 elementor-inner-column elementor-element elementor-element-4b64738\" data-id=\"4b64738\" data-element_type=\"column\" data-e-type=\"column\">\n\t\t\t<div class=\"elementor-widget-wrap elementor-element-populated\">\n\t\t\t\t\t\t<div class=\"elementor-element elementor-element-023de59 elementor-widget elementor-widget-energium_button\" data-id=\"023de59\" data-element_type=\"widget\" data-e-type=\"widget\" data-widget_type=\"energium_button.default\">\n\t\t\t\t<div class=\"elementor-widget-container\">\n\t\t\t\t\t\n        <div class=\"button-widget\">\n            <div class=\"button-container\">\n                <a class=\"energium-button\" href=\"\/de\/contact\" target=\"_blank\">Get in touch<\/a>\n            <\/div>\n        <\/div>\n        \t\t\t\t<\/div>\n\t\t\t\t<\/div>\n\t\t\t\t\t<\/div>\n\t\t<\/div>\n\t\t\t\t\t<\/div>\n\t\t<\/section>\n\t\t\t\t\t<\/div>\n\t\t<\/div>\n\t\t\t\t\t<\/div>\n\t\t<\/section>\n\t\t\t\t<\/div>\n\t\t","protected":false},"excerpt":{"rendered":"<p>Industrial IT Solutions f\u00fcr die Zukunft der Automatisierung Die TRIPS group, die Muttergesellschaft von TRIPS Automatyka Polska, unterst\u00fctzt potenzielle Kunden und internationale Unternehmen bei der Vorbereitung auf die Zukunft der Automatisierung und IT. Mit Spitzentechnologien und ma\u00dfgeschneiderten L\u00f6sungen helfen wir Unternehmen, die Effizienz zu steigern, Prozesse zu optimieren<\/p>\n","protected":false},"author":1,"featured_media":0,"parent":0,"menu_order":0,"comment_status":"closed","ping_status":"closed","template":"","meta":{"_monsterinsights_skip_tracking":false,"_monsterinsights_sitenote_active":false,"_monsterinsights_sitenote_note":"","_monsterinsights_sitenote_category":0,"footnotes":""},"class_list":["post-8237","page","type-page","status-publish","hentry"],"aioseo_notices":[],"_links":{"self":[{"href":"https:\/\/trips-automatyka.pl\/de\/wp-json\/wp\/v2\/pages\/8237","targetHints":{"allow":["GET"]}}],"collection":[{"href":"https:\/\/trips-automatyka.pl\/de\/wp-json\/wp\/v2\/pages"}],"about":[{"href":"https:\/\/trips-automatyka.pl\/de\/wp-json\/wp\/v2\/types\/page"}],"author":[{"embeddable":true,"href":"https:\/\/trips-automatyka.pl\/de\/wp-json\/wp\/v2\/users\/1"}],"replies":[{"embeddable":true,"href":"https:\/\/trips-automatyka.pl\/de\/wp-json\/wp\/v2\/comments?post=8237"}],"version-history":[{"count":10,"href":"https:\/\/trips-automatyka.pl\/de\/wp-json\/wp\/v2\/pages\/8237\/revisions"}],"predecessor-version":[{"id":8250,"href":"https:\/\/trips-automatyka.pl\/de\/wp-json\/wp\/v2\/pages\/8237\/revisions\/8250"}],"wp:attachment":[{"href":"https:\/\/trips-automatyka.pl\/de\/wp-json\/wp\/v2\/media?parent=8237"}],"curies":[{"name":"wp","href":"https:\/\/api.w.org\/{rel}","templated":true}]}}